{"id":51,"date":"2019-06-04T12:03:25","date_gmt":"2019-06-04T10:03:25","guid":{"rendered":"http:\/\/johannmonchef.fr\/?page_id=51"},"modified":"2019-12-11T16:57:09","modified_gmt":"2019-12-11T15:57:09","slug":"galerie-photo","status":"publish","type":"page","link":"https:\/\/johannmonchef.fr\/index.php\/galerie-photo\/","title":{"rendered":"Galerie Photo"},"content":{"rendered":"\t\t<div data-elementor-type=\"wp-post\" data-elementor-id=\"51\" class=\"elementor elementor-51\" data-elementor-settings=\"[]\">\n\t\t\t<div class=\"elementor-inner\">\n\t\t\t\t<div class=\"elementor-section-wrap\">\n\t\t\t\t\t\t\t<section class=\"elementor-element elementor-element-ee60307 elementor-section-boxed elementor-section-height-default elementor-section-height-default elementor-section elementor-top-section\" data-id=\"ee60307\" data-element_type=\"section\">\n\t\t\t\t\t\t<div class=\"elementor-container elementor-column-gap-default\">\n\t\t\t\t<div class=\"elementor-row\">\n\t\t\t\t<div class=\"elementor-element elementor-element-3589be59 elementor-column elementor-col-100 elementor-top-column\" data-id=\"3589be59\" data-element_type=\"column\">\n\t\t\t<div class=\"elementor-column-wrap  elementor-element-populated\">\n\t\t\t\t\t<div class=\"elementor-widget-wrap\">\n\t\t\t\t<div class=\"elementor-element elementor-element-9dab29b elementor-widget elementor-widget-heading\" data-id=\"9dab29b\" data-element_type=\"widget\" data-widget_type=\"heading.default\">\n\t\t\t\t<div class=\"elementor-widget-container\">\n\t\t\t<h2 class=\"elementor-heading-title elementor-size-default\">Gallerie Photo<\/h2>\t\t<\/div>\n\t\t\t\t<\/div>\n\t\t\t\t<div class=\"elementor-element elementor-element-3c3181c elementor-widget elementor-widget-text-editor\" data-id=\"3c3181c\" data-element_type=\"widget\" data-widget_type=\"text-editor.default\">\n\t\t\t\t<div class=\"elementor-widget-container\">\n\t\t\t\t\t<div class=\"elementor-text-editor elementor-clearfix\"><p>Retrouvez ici quelques exemples de plats et autres pi\u00e8ces cr\u00e9es et propos\u00e9es par notre Chef. N&#8217;h\u00e9sitez pas \u00e0 demander des pi\u00e8ces uniques \u00e0 Johann mon Chef pour votre \u00e9v\u00e8nement priv\u00e9.<\/p><p>Partagez vos plus belles photos sur les r\u00e9seaux sociaux : @johann_mon_chef<\/p><\/div>\n\t\t\t\t<\/div>\n\t\t\t\t<\/div>\n\t\t\t\t\t\t<\/div>\n\t\t\t<\/div>\n\t\t<\/div>\n\t\t\t\t\t\t<\/div>\n\t\t\t<\/div>\n\t\t<\/section>\n\t\t\t\t<section class=\"elementor-element elementor-element-89f2115 elementor-section-boxed elementor-section-height-default elementor-section-height-default elementor-section elementor-top-section\" data-id=\"89f2115\" data-element_type=\"section\">\n\t\t\t\t\t\t<div class=\"elementor-container elementor-column-gap-default\">\n\t\t\t\t<div class=\"elementor-row\">\n\t\t\t\t<div class=\"elementor-element elementor-element-37ef671 elementor-column elementor-col-100 elementor-top-column\" data-id=\"37ef671\" data-element_type=\"column\">\n\t\t\t<div class=\"elementor-column-wrap  elementor-element-populated\">\n\t\t\t\t\t<div class=\"elementor-widget-wrap\">\n\t\t\t\t<div class=\"elementor-element elementor-element-d8dbdf7 gallery-spacing-custom elementor-widget elementor-widget-image-gallery\" data-id=\"d8dbdf7\" data-element_type=\"widget\" data-widget_type=\"image-gallery.default\">\n\t\t\t\t<div class=\"elementor-widget-container\">\n\t\t\t\t\t<div class=\"elementor-image-gallery\">\n\t\t\t<div id='gallery-1' class='gallery galleryid-51 gallery-columns-4 gallery-size-medium'><figure class='gallery-item'>\n\t\t\t<div class='gallery-icon landscape'>\n\t\t\t\t<img width=\"300\" height=\"300\" src=\"https:\/\/johannmonchef.fr\/wp-content\/uploads\/2019\/06\/repas-mariage-300x300.png\" class=\"attachment-medium size-medium\" alt=\"\" loading=\"lazy\" srcset=\"https:\/\/johannmonchef.fr\/wp-content\/uploads\/2019\/06\/repas-mariage-300x300.png 300w, https:\/\/johannmonchef.fr\/wp-content\/uploads\/2019\/06\/repas-mariage-150x150.png 150w, https:\/\/johannmonchef.fr\/wp-content\/uploads\/2019\/06\/repas-mariage-768x768.png 768w, https:\/\/johannmonchef.fr\/wp-content\/uploads\/2019\/06\/repas-mariage-600x600.png 600w, https:\/\/johannmonchef.fr\/wp-content\/uploads\/2019\/06\/repas-mariage.png 800w\" sizes=\"(max-width: 300px) 100vw, 300px\" \/>\n\t\t\t<\/div><\/figure><figure class='gallery-item'>\n\t\t\t<div class='gallery-icon landscape'>\n\t\t\t\t<img width=\"300\" height=\"300\" src=\"https:\/\/johannmonchef.fr\/wp-content\/uploads\/2019\/06\/repas-evenement-300x300.png\" class=\"attachment-medium size-medium\" alt=\"\" loading=\"lazy\" srcset=\"https:\/\/johannmonchef.fr\/wp-content\/uploads\/2019\/06\/repas-evenement-300x300.png 300w, https:\/\/johannmonchef.fr\/wp-content\/uploads\/2019\/06\/repas-evenement-150x150.png 150w, https:\/\/johannmonchef.fr\/wp-content\/uploads\/2019\/06\/repas-evenement-768x768.png 768w, https:\/\/johannmonchef.fr\/wp-content\/uploads\/2019\/06\/repas-evenement-600x600.png 600w, https:\/\/johannmonchef.fr\/wp-content\/uploads\/2019\/06\/repas-evenement.png 1000w\" sizes=\"(max-width: 300px) 100vw, 300px\" \/>\n\t\t\t<\/div><\/figure><figure class='gallery-item'>\n\t\t\t<div class='gallery-icon landscape'>\n\t\t\t\t<img width=\"300\" height=\"300\" src=\"https:\/\/johannmonchef.fr\/wp-content\/uploads\/2019\/06\/buffet-traiteur-300x300.png\" class=\"attachment-medium size-medium\" alt=\"\" loading=\"lazy\" srcset=\"https:\/\/johannmonchef.fr\/wp-content\/uploads\/2019\/06\/buffet-traiteur-300x300.png 300w, https:\/\/johannmonchef.fr\/wp-content\/uploads\/2019\/06\/buffet-traiteur-150x150.png 150w, https:\/\/johannmonchef.fr\/wp-content\/uploads\/2019\/06\/buffet-traiteur-768x768.png 768w, https:\/\/johannmonchef.fr\/wp-content\/uploads\/2019\/06\/buffet-traiteur-600x600.png 600w, https:\/\/johannmonchef.fr\/wp-content\/uploads\/2019\/06\/buffet-traiteur.png 860w\" sizes=\"(max-width: 300px) 100vw, 300px\" \/>\n\t\t\t<\/div><\/figure><figure class='gallery-item'>\n\t\t\t<div class='gallery-icon landscape'>\n\t\t\t\t<img width=\"300\" height=\"300\" src=\"https:\/\/johannmonchef.fr\/wp-content\/uploads\/2019\/06\/vin-honneur-mariage-300x300.png\" class=\"attachment-medium size-medium\" alt=\"\" loading=\"lazy\" srcset=\"https:\/\/johannmonchef.fr\/wp-content\/uploads\/2019\/06\/vin-honneur-mariage-300x300.png 300w, https:\/\/johannmonchef.fr\/wp-content\/uploads\/2019\/06\/vin-honneur-mariage-150x150.png 150w, https:\/\/johannmonchef.fr\/wp-content\/uploads\/2019\/06\/vin-honneur-mariage-768x768.png 768w, https:\/\/johannmonchef.fr\/wp-content\/uploads\/2019\/06\/vin-honneur-mariage-600x600.png 600w, https:\/\/johannmonchef.fr\/wp-content\/uploads\/2019\/06\/vin-honneur-mariage.png 800w\" sizes=\"(max-width: 300px) 100vw, 300px\" \/>\n\t\t\t<\/div><\/figure><figure class='gallery-item'>\n\t\t\t<div class='gallery-icon landscape'>\n\t\t\t\t<img width=\"300\" height=\"300\" src=\"https:\/\/johannmonchef.fr\/wp-content\/uploads\/2019\/06\/traiteur-normandie-300x300.png\" class=\"attachment-medium size-medium\" alt=\"\" loading=\"lazy\" srcset=\"https:\/\/johannmonchef.fr\/wp-content\/uploads\/2019\/06\/traiteur-normandie-300x300.png 300w, https:\/\/johannmonchef.fr\/wp-content\/uploads\/2019\/06\/traiteur-normandie-150x150.png 150w, https:\/\/johannmonchef.fr\/wp-content\/uploads\/2019\/06\/traiteur-normandie-768x768.png 768w, https:\/\/johannmonchef.fr\/wp-content\/uploads\/2019\/06\/traiteur-normandie-600x600.png 600w, https:\/\/johannmonchef.fr\/wp-content\/uploads\/2019\/06\/traiteur-normandie.png 840w\" sizes=\"(max-width: 300px) 100vw, 300px\" \/>\n\t\t\t<\/div><\/figure><figure class='gallery-item'>\n\t\t\t<div class='gallery-icon landscape'>\n\t\t\t\t<img width=\"300\" height=\"300\" src=\"https:\/\/johannmonchef.fr\/wp-content\/uploads\/2019\/06\/traiteur-300x300.png\" class=\"attachment-medium size-medium\" alt=\"\" loading=\"lazy\" srcset=\"https:\/\/johannmonchef.fr\/wp-content\/uploads\/2019\/06\/traiteur-300x300.png 300w, https:\/\/johannmonchef.fr\/wp-content\/uploads\/2019\/06\/traiteur-150x150.png 150w, https:\/\/johannmonchef.fr\/wp-content\/uploads\/2019\/06\/traiteur-768x768.png 768w, https:\/\/johannmonchef.fr\/wp-content\/uploads\/2019\/06\/traiteur-1024x1024.png 1024w, https:\/\/johannmonchef.fr\/wp-content\/uploads\/2019\/06\/traiteur-600x600.png 600w, https:\/\/johannmonchef.fr\/wp-content\/uploads\/2019\/06\/traiteur.png 1100w\" sizes=\"(max-width: 300px) 100vw, 300px\" \/>\n\t\t\t<\/div><\/figure><figure class='gallery-item'>\n\t\t\t<div class='gallery-icon landscape'>\n\t\t\t\t<img width=\"300\" height=\"300\" src=\"https:\/\/johannmonchef.fr\/wp-content\/uploads\/2019\/06\/amuse-bouche-300x300.png\" class=\"attachment-medium size-medium\" alt=\"\" loading=\"lazy\" srcset=\"https:\/\/johannmonchef.fr\/wp-content\/uploads\/2019\/06\/amuse-bouche-300x300.png 300w, https:\/\/johannmonchef.fr\/wp-content\/uploads\/2019\/06\/amuse-bouche-150x150.png 150w, https:\/\/johannmonchef.fr\/wp-content\/uploads\/2019\/06\/amuse-bouche-768x768.png 768w, https:\/\/johannmonchef.fr\/wp-content\/uploads\/2019\/06\/amuse-bouche-600x600.png 600w, https:\/\/johannmonchef.fr\/wp-content\/uploads\/2019\/06\/amuse-bouche.png 880w\" sizes=\"(max-width: 300px) 100vw, 300px\" \/>\n\t\t\t<\/div><\/figure><figure class='gallery-item'>\n\t\t\t<div class='gallery-icon landscape'>\n\t\t\t\t<img width=\"300\" height=\"300\" src=\"https:\/\/johannmonchef.fr\/wp-content\/uploads\/2019\/06\/vin-honneur-300x300.png\" class=\"attachment-medium size-medium\" alt=\"\" loading=\"lazy\" srcset=\"https:\/\/johannmonchef.fr\/wp-content\/uploads\/2019\/06\/vin-honneur-300x300.png 300w, https:\/\/johannmonchef.fr\/wp-content\/uploads\/2019\/06\/vin-honneur-150x150.png 150w, https:\/\/johannmonchef.fr\/wp-content\/uploads\/2019\/06\/vin-honneur-768x768.png 768w, https:\/\/johannmonchef.fr\/wp-content\/uploads\/2019\/06\/vin-honneur-600x600.png 600w, https:\/\/johannmonchef.fr\/wp-content\/uploads\/2019\/06\/vin-honneur.png 800w\" sizes=\"(max-width: 300px) 100vw, 300px\" \/>\n\t\t\t<\/div><\/figure>\n\t\t<\/div>\n\t\t<\/div>\n\t\t\t\t<\/div>\n\t\t\t\t<\/div>\n\t\t\t\t\t\t<\/div>\n\t\t\t<\/div>\n\t\t<\/div>\n\t\t\t\t\t\t<\/div>\n\t\t\t<\/div>\n\t\t<\/section>\n\t\t\t\t\t\t<\/div>\n\t\t\t<\/div>\n\t\t<\/div>\n\t\t","protected":false},"excerpt":{"rendered":"<p>Gallerie Photo Retrouvez ici quelques exemples de plats et autres pi\u00e8ces cr\u00e9es et propos\u00e9es par notre Chef. N&#8217;h\u00e9sitez pas \u00e0 demander des pi\u00e8ces uniques \u00e0 Johann mon Chef pour votre \u00e9v\u00e8nement priv\u00e9. Partagez vos plus belles photos sur les r\u00e9seaux sociaux : @johann_mon_chef<\/p>\n","protected":false},"author":1,"featured_media":0,"parent":0,"menu_order":0,"comment_status":"closed","ping_status":"closed","template":"","meta":[],"yoast_head":"<!-- This site is optimized with the Yoast SEO plugin v14.5 - https:\/\/yoast.com\/wordpress\/plugins\/seo\/ -->\n<title>Galerie Photo -<\/title>\n<meta name=\"robots\" content=\"index, follow\" \/>\n<meta name=\"googlebot\" content=\"index, follow, max-snippet:-1, max-image-preview:large, max-video-preview:-1\" \/>\n<meta name=\"bingbot\" content=\"index, follow, max-snippet:-1, max-image-preview:large, max-video-preview:-1\" \/>\n<link rel=\"canonical\" href=\"https:\/\/johannmonchef.fr\/index.php\/galerie-photo\/\" \/>\n<meta property=\"og:locale\" content=\"fr_FR\" \/>\n<meta property=\"og:type\" content=\"article\" \/>\n<meta property=\"og:title\" content=\"Galerie Photo -\" \/>\n<meta property=\"og:description\" content=\"Gallerie Photo Retrouvez ici quelques exemples de plats et autres pi\u00e8ces cr\u00e9es et propos\u00e9es par notre Chef. N&#8217;h\u00e9sitez pas \u00e0 demander des pi\u00e8ces uniques \u00e0 Johann mon Chef pour votre \u00e9v\u00e8nement priv\u00e9. Partagez vos plus belles photos sur les r\u00e9seaux sociaux : @johann_mon_chef\" \/>\n<meta property=\"og:url\" content=\"https:\/\/johannmonchef.fr\/index.php\/galerie-photo\/\" \/>\n<meta property=\"article:modified_time\" content=\"2019-12-11T15:57:09+00:00\" \/>\n<meta property=\"og:image\" content=\"http:\/\/johannmonchef.fr\/wp-content\/uploads\/2019\/06\/repas-mariage-300x300.png\" \/>\n<meta name=\"twitter:card\" content=\"summary_large_image\" \/>\n<script type=\"application\/ld+json\" class=\"yoast-schema-graph\">{\"@context\":\"https:\/\/schema.org\",\"@graph\":[{\"@type\":\"WebSite\",\"@id\":\"https:\/\/johannmonchef.fr\/#website\",\"url\":\"https:\/\/johannmonchef.fr\/\",\"name\":\"\",\"description\":\"\",\"potentialAction\":[{\"@type\":\"SearchAction\",\"target\":\"https:\/\/johannmonchef.fr\/?s={search_term_string}\",\"query-input\":\"required name=search_term_string\"}],\"inLanguage\":\"fr-FR\"},{\"@type\":\"ImageObject\",\"@id\":\"https:\/\/johannmonchef.fr\/index.php\/galerie-photo\/#primaryimage\",\"inLanguage\":\"fr-FR\",\"url\":\"http:\/\/johannmonchef.fr\/wp-content\/uploads\/2019\/06\/repas-mariage-300x300.png\"},{\"@type\":\"WebPage\",\"@id\":\"https:\/\/johannmonchef.fr\/index.php\/galerie-photo\/#webpage\",\"url\":\"https:\/\/johannmonchef.fr\/index.php\/galerie-photo\/\",\"name\":\"Galerie Photo -\",\"isPartOf\":{\"@id\":\"https:\/\/johannmonchef.fr\/#website\"},\"primaryImageOfPage\":{\"@id\":\"https:\/\/johannmonchef.fr\/index.php\/galerie-photo\/#primaryimage\"},\"datePublished\":\"2019-06-04T10:03:25+00:00\",\"dateModified\":\"2019-12-11T15:57:09+00:00\",\"inLanguage\":\"fr-FR\",\"potentialAction\":[{\"@type\":\"ReadAction\",\"target\":[\"https:\/\/johannmonchef.fr\/index.php\/galerie-photo\/\"]}]}]}<\/script>\n<!-- \/ Yoast SEO plugin. -->","_links":{"self":[{"href":"https:\/\/johannmonchef.fr\/index.php\/wp-json\/wp\/v2\/pages\/51"}],"collection":[{"href":"https:\/\/johannmonchef.fr\/index.php\/wp-json\/wp\/v2\/pages"}],"about":[{"href":"https:\/\/johannmonchef.fr\/index.php\/wp-json\/wp\/v2\/types\/page"}],"author":[{"embeddable":true,"href":"https:\/\/johannmonchef.fr\/index.php\/wp-json\/wp\/v2\/users\/1"}],"replies":[{"embeddable":true,"href":"https:\/\/johannmonchef.fr\/index.php\/wp-json\/wp\/v2\/comments?post=51"}],"version-history":[{"count":7,"href":"https:\/\/johannmonchef.fr\/index.php\/wp-json\/wp\/v2\/pages\/51\/revisions"}],"predecessor-version":[{"id":231,"href":"https:\/\/johannmonchef.fr\/index.php\/wp-json\/wp\/v2\/pages\/51\/revisions\/231"}],"wp:attachment":[{"href":"https:\/\/johannmonchef.fr\/index.php\/wp-json\/wp\/v2\/media?parent=51"}],"curies":[{"name":"wp","href":"https:\/\/api.w.org\/{rel}","templated":true}]}}