{"id":55,"date":"2019-06-04T12:04:25","date_gmt":"2019-06-04T10:04:25","guid":{"rendered":"http:\/\/johannmonchef.fr\/?page_id=55"},"modified":"2019-07-31T14:25:54","modified_gmt":"2019-07-31T12:25:54","slug":"avis-clients","status":"publish","type":"page","link":"https:\/\/johannmonchef.fr\/index.php\/avis-clients\/","title":{"rendered":"Avis clients"},"content":{"rendered":"\t\t<div data-elementor-type=\"wp-post\" data-elementor-id=\"55\" class=\"elementor elementor-55\" data-elementor-settings=\"[]\">\n\t\t\t<div class=\"elementor-inner\">\n\t\t\t\t<div class=\"elementor-section-wrap\">\n\t\t\t\t\t\t\t<section class=\"elementor-element elementor-element-6a8c64e3 elementor-section-stretched elementor-section-boxed elementor-section-height-default elementor-section-height-default elementor-section elementor-top-section\" data-id=\"6a8c64e3\" data-element_type=\"section\" data-settings=\"{&quot;stretch_section&quot;:&quot;section-stretched&quot;,&quot;background_background&quot;:&quot;classic&quot;}\">\n\t\t\t\t\t\t<div class=\"elementor-container elementor-column-gap-default\">\n\t\t\t\t<div class=\"elementor-row\">\n\t\t\t\t<div class=\"elementor-element elementor-element-2d1b572b elementor-column elementor-col-100 elementor-top-column\" data-id=\"2d1b572b\" data-element_type=\"column\">\n\t\t\t<div class=\"elementor-column-wrap  elementor-element-populated\">\n\t\t\t\t\t<div class=\"elementor-widget-wrap\">\n\t\t\t\t<div class=\"elementor-element elementor-element-24d6503 elementor-widget elementor-widget-heading\" data-id=\"24d6503\" data-element_type=\"widget\" data-widget_type=\"heading.default\">\n\t\t\t\t<div class=\"elementor-widget-container\">\n\t\t\t<h2 class=\"elementor-heading-title elementor-size-default\">Ils en parlent le mieux<\/h2>\t\t<\/div>\n\t\t\t\t<\/div>\n\t\t\t\t<div class=\"elementor-element elementor-element-4c04056 elementor-widget elementor-widget-text-editor\" data-id=\"4c04056\" data-element_type=\"widget\" data-widget_type=\"text-editor.default\">\n\t\t\t\t<div class=\"elementor-widget-container\">\n\t\t\t\t\t<div class=\"elementor-text-editor elementor-clearfix\"><p>Parce qu&#8217;ils ont go\u00fbt\u00e9 nos plats, qu&#8217;ils ont re\u00e7u des compliments ou parce qu&#8217;ils ont simplement aim\u00e9 les conseils de Johann, ils ont d\u00e9cid\u00e9 de vous aider dans le choix de votre prestataire pour votre \u00e9v\u00e8nement en recommandant les talents de notre chef. N&#8217;h\u00e9sitez pas, vous aussi, \u00e0 laisser votre avis. Toute remarque constructive nous aidera \u00e0 nous am\u00e9liorer pour que votre \u00e9v\u00e8nement soit le plus r\u00e9ussi possible.<\/p><\/div>\n\t\t\t\t<\/div>\n\t\t\t\t<\/div>\n\t\t\t\t<div class=\"elementor-element elementor-element-e8a2540 elementor-button-info elementor-align-left elementor-widget elementor-widget-button\" data-id=\"e8a2540\" data-element_type=\"widget\" data-widget_type=\"button.default\">\n\t\t\t\t<div class=\"elementor-widget-container\">\n\t\t\t\t\t<div class=\"elementor-button-wrapper\">\n\t\t\t<a href=\"http:\/\/johannmonchef.fr\/index.php\/recommander-johann-mon-chef\/\" target=\"_blank\" class=\"elementor-button-link elementor-button elementor-size-xs\" role=\"button\">\n\t\t\t\t\t\t<span class=\"elementor-button-content-wrapper\">\n\t\t\t\t\t\t<span class=\"elementor-button-text\">Recommander Johann<\/span>\n\t\t<\/span>\n\t\t\t\t\t<\/a>\n\t\t<\/div>\n\t\t\t\t<\/div>\n\t\t\t\t<\/div>\n\t\t\t\t\t\t<\/div>\n\t\t\t<\/div>\n\t\t<\/div>\n\t\t\t\t\t\t<\/div>\n\t\t\t<\/div>\n\t\t<\/section>\n\t\t\t\t<section class=\"elementor-element elementor-element-3efb466 elementor-section-stretched elementor-section-height-min-height elementor-section-boxed elementor-section-height-default elementor-section-items-middle elementor-section elementor-top-section\" data-id=\"3efb466\" data-element_type=\"section\" data-settings=\"{&quot;stretch_section&quot;:&quot;section-stretched&quot;,&quot;background_background&quot;:&quot;classic&quot;}\">\n\t\t\t\t\t\t<div class=\"elementor-container elementor-column-gap-default\">\n\t\t\t\t<div class=\"elementor-row\">\n\t\t\t\t<div class=\"elementor-element elementor-element-5d8c34b elementor-column elementor-col-100 elementor-top-column\" data-id=\"5d8c34b\" data-element_type=\"column\">\n\t\t\t<div class=\"elementor-column-wrap  elementor-element-populated\">\n\t\t\t\t\t<div class=\"elementor-widget-wrap\">\n\t\t\t\t<div class=\"elementor-element elementor-element-bdc6770 elementor-widget elementor-widget-eael-testimonial\" data-id=\"bdc6770\" data-element_type=\"widget\" data-widget_type=\"eael-testimonial.default\">\n\t\t\t\t<div class=\"elementor-widget-container\">\n\t\t\t\n\t<div id=\"eael-testimonial-bdc6770\" class=\"eael-testimonial-item clearfix  classic-style rating-five\">\n\n\t\t\t\t\t<div class=\"eael-testimonial-content\">\n\t\t\t\t<div class=\"eael-testimonial-text\"><div class=\"page\" title=\"Page 1\">\n<div class=\"layoutArea\">\n<div class=\"column\">\n<div>Lovely !\u00a0<br \/>Nous avons d\u00e9couvert Johann par hasard et \u00e7a \u00e9t\u00e9 le coup de foudre culinaire.\u00a0Le repas de notre mariage reste dans la m\u00e9moire de tous nos convives.<br \/>Sa cuisine en apparence simple est si raffin\u00e9e.\u00a0Johann est \u00e0 l'\u00e9coute de vos envie. Rien n'est impos\u00e9, ce chef s'adapte \u00e0 vos demandes mais surtout \u00e0 vos go\u00fbts.\u00a0<span class=\"ydpeddff40ctext_exposed_show\">Ses prix abordables vous permettront de r\u00e9jouir vos invit\u00e9s.<br \/>Merci Johann d'avoir enchanter nos papilles.<\/span><\/div>\n<\/div>\n<\/div>\n<\/div>\n<\/div>\t\t\t\t<div class=\"clearfix\">\n\t\t\t\t\t<p class=\"eael-testimonial-user\">EMIILY NRJ<\/p>\t\t\t\t<\/div>\n\t\t\t\t\t\t<ul class=\"testimonial-star-rating\">\n\t\t\t<li><i class=\"fas fa-star\" aria-hidden=\"true\"><\/i><\/li>\n\t\t\t<li><i class=\"fas fa-star\" aria-hidden=\"true\"><\/i><\/li>\n\t\t\t<li><i class=\"fas fa-star\" aria-hidden=\"true\"><\/i><\/li>\n\t\t\t<li><i class=\"fas fa-star\" aria-hidden=\"true\"><\/i><\/li>\n\t\t\t<li><i class=\"fas fa-star\" aria-hidden=\"true\"><\/i><\/li>\n\t\t<\/ul>\n\t\t\t\t\t<\/div>\n\t\t\t\t\t\n\t\t\n\t\t\n\t\t\n\t\t\n\t\t\n\t\t\n\t\t<span class=\"eael-testimonial-quote\"><\/span>\n\t<\/div>\n\n\t\t\t<\/div>\n\t\t\t\t<\/div>\n\t\t\t\t<div class=\"elementor-element elementor-element-7a2e9be elementor-widget elementor-widget-eael-testimonial\" data-id=\"7a2e9be\" data-element_type=\"widget\" data-widget_type=\"eael-testimonial.default\">\n\t\t\t\t<div class=\"elementor-widget-container\">\n\t\t\t\n\t<div id=\"eael-testimonial-7a2e9be\" class=\"eael-testimonial-item clearfix  classic-style rating-five\">\n\n\t\t\t\t\t<div class=\"eael-testimonial-content\">\n\t\t\t\t<div class=\"eael-testimonial-text\"><div class=\"page\" title=\"Page 1\">\n<div class=\"layoutArea\">\n<div class=\"column\">\n<div>\n<div>Excellent travail pour notre mariage \u00a0! Merci Johann !\u00a0Le cocktail, le repas du soir et le brunch du lendemain \u00e9taient savoureux ! Je recommande fortement. Service impeccable et tr\u00e8s pro, au petit soin et toujours disponible pour satisfaire toutes nos attentes !\u00a0<br \/>Au plaisir de retravailler avec vous \u00e0 l'avenir !<\/div>\n<\/div>\n<\/div>\n<\/div>\n<\/div>\n<\/div>\t\t\t\t<div class=\"clearfix\">\n\t\t\t\t\t<p class=\"eael-testimonial-user\">MG<\/p>\t\t\t\t<\/div>\n\t\t\t\t\t\t<ul class=\"testimonial-star-rating\">\n\t\t\t<li><i class=\"fas fa-star\" aria-hidden=\"true\"><\/i><\/li>\n\t\t\t<li><i class=\"fas fa-star\" aria-hidden=\"true\"><\/i><\/li>\n\t\t\t<li><i class=\"fas fa-star\" aria-hidden=\"true\"><\/i><\/li>\n\t\t\t<li><i class=\"fas fa-star\" aria-hidden=\"true\"><\/i><\/li>\n\t\t\t<li><i class=\"fas fa-star\" aria-hidden=\"true\"><\/i><\/li>\n\t\t<\/ul>\n\t\t\t\t\t<\/div>\n\t\t\t\t\t\n\t\t\n\t\t\n\t\t\n\t\t\n\t\t\n\t\t\n\t\t<span class=\"eael-testimonial-quote\"><\/span>\n\t<\/div>\n\n\t\t\t<\/div>\n\t\t\t\t<\/div>\n\t\t\t\t<div class=\"elementor-element elementor-element-62a7ba7 elementor-widget elementor-widget-eael-testimonial\" data-id=\"62a7ba7\" data-element_type=\"widget\" data-widget_type=\"eael-testimonial.default\">\n\t\t\t\t<div class=\"elementor-widget-container\">\n\t\t\t\n\t<div id=\"eael-testimonial-62a7ba7\" class=\"eael-testimonial-item clearfix  classic-style rating-five\">\n\n\t\t\t\t\t<div class=\"eael-testimonial-content\">\n\t\t\t\t<div class=\"eael-testimonial-text\"><div class=\"page\" title=\"Page 1\">\n<div class=\"layoutArea\">\n<div class=\"column\">\n<div dir=\"ltr\" data-setdir=\"false\"><i>Nous avons \u00e9t\u00e9 d 'embl\u00e9e \u00e9t\u00e9 enchant\u00e9s d\u00e8s la premi\u00e8re rencontre et n avons jamais \u00e9t\u00e9 d\u00e9\u00e7us<\/i><\/div>\n<div dir=\"ltr\" data-setdir=\"false\"><i>Johann a su s 'adapter \u00e0 nos envies .Quelles saveurs, originalit\u00e9! Tout \u00e9tait simplement d\u00e9licieux.<\/i><\/div>\n<\/div>\n<\/div>\n<\/div>\n<\/div>\t\t\t\t<div class=\"clearfix\">\n\t\t\t\t\t<p class=\"eael-testimonial-user\">A & PG<\/p>\t\t\t\t<\/div>\n\t\t\t\t\t\t<ul class=\"testimonial-star-rating\">\n\t\t\t<li><i class=\"fas fa-star\" aria-hidden=\"true\"><\/i><\/li>\n\t\t\t<li><i class=\"fas fa-star\" aria-hidden=\"true\"><\/i><\/li>\n\t\t\t<li><i class=\"fas fa-star\" aria-hidden=\"true\"><\/i><\/li>\n\t\t\t<li><i class=\"fas fa-star\" aria-hidden=\"true\"><\/i><\/li>\n\t\t\t<li><i class=\"fas fa-star\" aria-hidden=\"true\"><\/i><\/li>\n\t\t<\/ul>\n\t\t\t\t\t<\/div>\n\t\t\t\t\t\n\t\t\n\t\t\n\t\t\n\t\t\n\t\t\n\t\t\n\t\t<span class=\"eael-testimonial-quote\"><\/span>\n\t<\/div>\n\n\t\t\t<\/div>\n\t\t\t\t<\/div>\n\t\t\t\t<div class=\"elementor-element elementor-element-710eedd elementor-widget elementor-widget-eael-testimonial\" data-id=\"710eedd\" data-element_type=\"widget\" data-widget_type=\"eael-testimonial.default\">\n\t\t\t\t<div class=\"elementor-widget-container\">\n\t\t\t\n\t<div id=\"eael-testimonial-710eedd\" class=\"eael-testimonial-item clearfix  classic-style rating-five\">\n\n\t\t\t\t\t<div class=\"eael-testimonial-content\">\n\t\t\t\t<div class=\"eael-testimonial-text\"><div class=\"page\" title=\"Page 1\">\n<div class=\"layoutArea\">\n<div class=\"column\">\n<p>Excellent prestataire pour notre mariage, c'\u00e9tait tr\u00e8s bon, original et bien pr\u00e9sent\u00e9. Son \u00e9quipe \u00e9galement aux petits soins et super gentille, je recommande les yeux ferm\u00e9s\u00a0<\/p>\n<\/div>\n<\/div>\n<\/div>\n<\/div>\t\t\t\t<div class=\"clearfix\">\n\t\t\t\t\t<p class=\"eael-testimonial-user\">LULU<\/p>\t\t\t\t<\/div>\n\t\t\t\t\t\t<ul class=\"testimonial-star-rating\">\n\t\t\t<li><i class=\"fas fa-star\" aria-hidden=\"true\"><\/i><\/li>\n\t\t\t<li><i class=\"fas fa-star\" aria-hidden=\"true\"><\/i><\/li>\n\t\t\t<li><i class=\"fas fa-star\" aria-hidden=\"true\"><\/i><\/li>\n\t\t\t<li><i class=\"fas fa-star\" aria-hidden=\"true\"><\/i><\/li>\n\t\t\t<li><i class=\"fas fa-star\" aria-hidden=\"true\"><\/i><\/li>\n\t\t<\/ul>\n\t\t\t\t\t<\/div>\n\t\t\t\t\t\n\t\t\n\t\t\n\t\t\n\t\t\n\t\t\n\t\t\n\t\t<span class=\"eael-testimonial-quote\"><\/span>\n\t<\/div>\n\n\t\t\t<\/div>\n\t\t\t\t<\/div>\n\t\t\t\t\t\t<\/div>\n\t\t\t<\/div>\n\t\t<\/div>\n\t\t\t\t\t\t<\/div>\n\t\t\t<\/div>\n\t\t<\/section>\n\t\t\t\t\t\t<\/div>\n\t\t\t<\/div>\n\t\t<\/div>\n\t\t","protected":false},"excerpt":{"rendered":"<p>Ils en parlent le mieux Parce qu&#8217;ils ont go\u00fbt\u00e9 nos plats, qu&#8217;ils ont re\u00e7u des compliments ou parce qu&#8217;ils ont simplement aim\u00e9 les conseils de Johann, ils ont d\u00e9cid\u00e9 de vous aider dans le choix de votre prestataire pour votre \u00e9v\u00e8nement en recommandant les talents de notre chef. N&#8217;h\u00e9sitez pas, vous aussi, \u00e0 laisser votre [&hellip;]<\/p>\n","protected":false},"author":1,"featured_media":0,"parent":0,"menu_order":0,"comment_status":"closed","ping_status":"closed","template":"","meta":[],"yoast_head":"<!-- This site is optimized with the Yoast SEO plugin v14.5 - https:\/\/yoast.com\/wordpress\/plugins\/seo\/ -->\n<title>Avis clients -<\/title>\n<meta name=\"robots\" content=\"index, follow\" \/>\n<meta name=\"googlebot\" content=\"index, follow, max-snippet:-1, max-image-preview:large, max-video-preview:-1\" \/>\n<meta name=\"bingbot\" content=\"index, follow, max-snippet:-1, max-image-preview:large, max-video-preview:-1\" \/>\n<link rel=\"canonical\" href=\"https:\/\/johannmonchef.fr\/index.php\/avis-clients\/\" \/>\n<meta property=\"og:locale\" content=\"fr_FR\" \/>\n<meta property=\"og:type\" content=\"article\" \/>\n<meta property=\"og:title\" content=\"Avis clients -\" \/>\n<meta property=\"og:description\" content=\"Ils en parlent le mieux Parce qu&#8217;ils ont go\u00fbt\u00e9 nos plats, qu&#8217;ils ont re\u00e7u des compliments ou parce qu&#8217;ils ont simplement aim\u00e9 les conseils de Johann, ils ont d\u00e9cid\u00e9 de vous aider dans le choix de votre prestataire pour votre \u00e9v\u00e8nement en recommandant les talents de notre chef. N&#8217;h\u00e9sitez pas, vous aussi, \u00e0 laisser votre [&hellip;]\" \/>\n<meta property=\"og:url\" content=\"https:\/\/johannmonchef.fr\/index.php\/avis-clients\/\" \/>\n<meta property=\"article:modified_time\" content=\"2019-07-31T12:25:54+00:00\" \/>\n<meta name=\"twitter:card\" content=\"summary_large_image\" \/>\n<script type=\"application\/ld+json\" class=\"yoast-schema-graph\">{\"@context\":\"https:\/\/schema.org\",\"@graph\":[{\"@type\":\"WebSite\",\"@id\":\"https:\/\/johannmonchef.fr\/#website\",\"url\":\"https:\/\/johannmonchef.fr\/\",\"name\":\"\",\"description\":\"\",\"potentialAction\":[{\"@type\":\"SearchAction\",\"target\":\"https:\/\/johannmonchef.fr\/?s={search_term_string}\",\"query-input\":\"required name=search_term_string\"}],\"inLanguage\":\"fr-FR\"},{\"@type\":\"WebPage\",\"@id\":\"https:\/\/johannmonchef.fr\/index.php\/avis-clients\/#webpage\",\"url\":\"https:\/\/johannmonchef.fr\/index.php\/avis-clients\/\",\"name\":\"Avis clients -\",\"isPartOf\":{\"@id\":\"https:\/\/johannmonchef.fr\/#website\"},\"datePublished\":\"2019-06-04T10:04:25+00:00\",\"dateModified\":\"2019-07-31T12:25:54+00:00\",\"inLanguage\":\"fr-FR\",\"potentialAction\":[{\"@type\":\"ReadAction\",\"target\":[\"https:\/\/johannmonchef.fr\/index.php\/avis-clients\/\"]}]}]}<\/script>\n<!-- \/ Yoast SEO plugin. -->","_links":{"self":[{"href":"https:\/\/johannmonchef.fr\/index.php\/wp-json\/wp\/v2\/pages\/55"}],"collection":[{"href":"https:\/\/johannmonchef.fr\/index.php\/wp-json\/wp\/v2\/pages"}],"about":[{"href":"https:\/\/johannmonchef.fr\/index.php\/wp-json\/wp\/v2\/types\/page"}],"author":[{"embeddable":true,"href":"https:\/\/johannmonchef.fr\/index.php\/wp-json\/wp\/v2\/users\/1"}],"replies":[{"embeddable":true,"href":"https:\/\/johannmonchef.fr\/index.php\/wp-json\/wp\/v2\/comments?post=55"}],"version-history":[{"count":12,"href":"https:\/\/johannmonchef.fr\/index.php\/wp-json\/wp\/v2\/pages\/55\/revisions"}],"predecessor-version":[{"id":171,"href":"https:\/\/johannmonchef.fr\/index.php\/wp-json\/wp\/v2\/pages\/55\/revisions\/171"}],"wp:attachment":[{"href":"https:\/\/johannmonchef.fr\/index.php\/wp-json\/wp\/v2\/media?parent=55"}],"curies":[{"name":"wp","href":"https:\/\/api.w.org\/{rel}","templated":true}]}}